{"id":95201,"date":"2026-01-17T11:57:04","date_gmt":"2026-01-17T11:57:04","guid":{"rendered":"https:\/\/completedesign.pl\/?page_id=95201"},"modified":"2026-01-17T12:29:01","modified_gmt":"2026-01-17T12:29:01","slug":"polityka-prywatnosci","status":"publish","type":"page","link":"https:\/\/completedesign.pl\/index.php\/polityka-prywatnosci\/","title":{"rendered":"polityka-prywatnosci"},"content":{"rendered":"<div class=\"wpb-content-wrapper\"><p>[vc_row][vc_column][vc_column_text css=&#8221;&#8221;]<\/p>\n<div class=\"whiteText\">\n<p><b>Polityka prywatno\u015bci\u00a0<\/b><\/p>\n<div>\n<div><b>I. INFORMACJE PODSTAWOWE\u00a0<\/b><\/div>\n<div><\/div>\n<div>1. Administratorem danych osobowych zbieranych za po\u015brednictwem Strony jest: <b>AS Nieruchomo\u015bci i finanse Sp. z.o.o. z siedzib\u0105 w Warszawie , ul. Ostr\u00f3dzka 123c\/45 , 03-278 Warszawa<\/b> zwanym dalej jako <b>\u201eAdministrator\u201d.\u00a0<\/b><\/div>\n<div>2. Kontakt z Administratorem mo\u017cliwy jest pod adresem e-mail :\u00a0<a href=\"mailto:biuro@completedesign.pl\" target=\"_blank\" rel=\"noopener\">biuro@completedesign.pl<\/a>\u00a0lub pod numerem Tel.:+48 881 211 559<\/div>\n<div>3. W przypadku pyta\u0144 dotycz\u0105ce sposobu i zakresu przetwarzania Pani\/Pana danych osobowych, a tak\u017ce przys\u0142uguj\u0105cych Pani\/Panu uprawnie\u0144, mo\u017ce si\u0119 Pani\/Pan skontaktowa\u0107 z Inspektorem Ochrony Danych za pomoc\u0105 email :\u00a0<a href=\"mailto:biuro@completedesign.pl\" target=\"_blank\" rel=\"noopener\">biuro@completedesign.pl<\/a><\/div>\n<div>4. Ka\u017cdy podmiot korzystaj\u0105cy ze Strony jest jej <b>\u201eU\u017cytkownikiem\u201d.\u00a0<\/b><\/div>\n<div>5. Dane osobowe U\u017cytkownika Strony przetwarzane s\u0105 przez Administratora zgodnie z obowi\u0105zuj\u0105cymi przepisami prawa, w szczeg\u00f3lno\u015bci zgodnie z rozporz\u0105dzeniem Parlamentu Europejskiego i Rady (UE) 2016\/679 z dnia 27 kwietnia 2016 r. w sprawie ochrony os\u00f3b fizycznych w zwi\u0105zku z przetwarzaniem danych osobowych i w sprawie swobodnego przep\u0142ywu takich danych oraz uchylenia dyrektywy 95\/46\/WE (og\u00f3lne rozporz\u0105dzenie o ochronie danych) \u2013 dalej jako \u201eRODO\u201d.<\/div>\n<div>6. Gwarantujemy poufno\u015b\u0107 wszelkich przekazanych Nam danych osobowych. Stosujemy odpowiednie zabezpieczenia techniczne i organizacyjne, dzi\u0119ki kt\u00f3rym mo\u017cemy zapewni\u0107, \u017ce dane s\u0105 w odpowiedni spos\u00f3b chronione przed dost\u0119pem do nich os\u00f3b nieuprawnionych.<\/div>\n<div><\/div>\n<div><b>II. PRAWA U\u017bYTKOWNIK\u00d3W<\/b><\/div>\n<div><\/div>\n<div>Ka\u017cdy U\u017cytkownik, kt\u00f3ry przekaza\u0142 Administratorowi swoje dane osobowe za pomoc\u0105 dost\u0119pnych na Stronie Formularzy, mo\u017ce skorzysta\u0107 z praw, kt\u00f3re przyznaje mu RODO:<\/div>\n<div>1. prawo dost\u0119pu do tre\u015bci swoich danych osobowych oraz uzyskania ich kopii (art. 15 RODO),<\/div>\n<div>2. prawo \u017c\u0105dania sprostowania swoich danych osobowych, je\u015bli s\u0105 nieprawdziwe lub nieaktualne (art. 16 RODO),<\/div>\n<div>3. prawo \u017c\u0105dania usuni\u0119cia danych osobowych (art. 17 RODO),<\/div>\n<div>4. prawo \u017c\u0105dania ograniczenia przetwarzania danych osobowych (art. 18 RODO),<\/div>\n<div>5. prawo do przenoszenia danych osobowych (art. 20 RODO)<\/div>\n<div>6. prawo do wniesienia sprzeciwu wobec przetwarzania danych osobowych na podstawie prawnie uzasadnionego interesu Administratora (art. 21 RODO),<\/div>\n<div>7. prawo do wniesienia skargi do organu nadzorczego tj. Prezesa Urz\u0119du Ochrony Danych Osobowych, w sytuacji, w kt\u00f3rej U\u017cytkownik uzna, \u017ce Administrator przetwarza jego dane osobowe niezgodnie z prawem (art. 77 RODO).<\/div>\n<div>Prawo dost\u0119pu do tre\u015bci swoich danych i uzyskania ich kopii oraz prawo wniesienia skargi do organu nadzorczego przys\u0142uguj\u0105 U\u017cytkownikowi zawsze. Pozosta\u0142e prawa nie maj\u0105 charakteru bezwzgl\u0119dnego i ich wype\u0142nienie b\u0119dzie zale\u017ca\u0142o od spe\u0142nienia wymaga\u0144 opisanych w art. 16-21 RODO.<\/div>\n<div><b>W celu realizacji swoich praw, prosimy kontaktowa\u0107 si\u0119 na adres mailowy <a href=\"mailto:biuro@completedesign.pl\" target=\"_blank\" rel=\"noopener\">biuro@completedesign.pl<\/a>.\u00a0<\/b><\/div>\n<div><b>\u00a0<\/b><\/div>\n<div><b>III. PRZETWARZANIE DANYCH OSOBOWYCH PODANYCH W FORMULARZACH<\/b><\/div>\n<div><\/div>\n<div><b>1. Formularze kontaktowe \u201eSzybki kontakt\u201d<\/b><\/div>\n<div>Dane osobowe przys\u0142ane Administratorowi przez Formularze kontaktowe przetwarzane b\u0119d\u0105 w celu udzielenia odpowiedzi na zadane pytanie. Podstaw\u0105 prawn\u0105 przetwarzania danych osobowych jest prawnie uzasadniony interes Administratora polegaj\u0105cy na odpowiedzi na wiadomo\u015bci U\u017cytkownika oraz prowadzeniu z Nim komunikacji (art. 6 ust. 1 lit. f RODO). W przypadku gdy U\u017cytkownik zwr\u00f3ci si\u0119 do Administratora z pro\u015bb\u0105 o przedstawienie oferty handlowej, jego dane osobowe b\u0119d\u0105 przetwarzane na podstawie art. 6 ust. 1 lit. b RODO tzn. czynno\u015bci zmierzaj\u0105ce do zawarcia umowy podj\u0119te na \u017c\u0105danie osoby, kt\u00f3rej dane dotycz\u0105. Dane osobowe U\u017cytkownika b\u0119d\u0105 przetwarzane przez okres niezb\u0119dny do obs\u0142ugi prowadzonej korespondencji. Je\u017celi jednak w wyniku z\u0142o\u017conego zapytania zostanie nawi\u0105zana jaka\u015b wsp\u00f3\u0142praca lub relacje biznesowe, okres przechowywania korespondencji oraz zawartych w niej danych osobowych zostanie wyd\u0142u\u017cony na czas trwania tej relacji, zawarcia umowy oraz okresu przedawnienia roszcze\u0144 wynikaj\u0105cego z zawartej umowy. Podanie danych osobowych w zakresie imi\u0119 i nazwisko oraz adres e-mail jest dobrowolne, ale konieczne w celu odpowiedzi na przys\u0142an\u0105 przez U\u017cytkownika wiadomo\u015b\u0107. Podanie numeru telefonu jest dobrowolne ale konieczne i s\u0142u\u017cy przyspieszeniu kontaktu z U\u017cytkownikiem drog\u0105 telefoniczn\u0105.<\/div>\n<div><\/div>\n<div><b>2. Facebook\u00a0<\/b><\/div>\n<div>Dane osobowe b\u0119d\u0105 przetwarzane w celu:<\/div>\n<div>\u2022 administrowania i zarz\u0105dzania fanpage completedesign, w tym tak\u017ce udzielania odpowiedzi na zamieszczane przez Ciebie posty i komentarze, oraz nadzoru nad tre\u015bciami publikowanymi przez u\u017cytkownik\u00f3w \u2013 podstaw\u0105 prawn\u0105 przetwarzania jest prawnie uzasadniony interes\u00a0AS Nieruchomo\u015bci i finanse\u00a0Sp. z o.o. polegaj\u0105cy na mo\u017cliwo\u015bci prowadzenia i zarz\u0105dzania fan page\u2019m completedesign;<\/div>\n<div>\u2022 udzielania odpowiedzi na zapytania kierowane do\u00a0AS Nieruchomo\u015bci i finanse\u00a0Sp. z o.o. poprzez komunikator Messenger &#8211; podstaw\u0105 prawn\u0105 przetwarzania jest prawnie uzasadniony interes\u00a0AS Nieruchomo\u015bci i finanse\u00a0Sp. z o.o. polegaj\u0105cy na mo\u017cliwo\u015bci udzielania odpowiedzi osobom kontaktuj\u0105cym si\u0119 z\u00a0AS Nieruchomo\u015bci i finanse\u00a0Sp. z o.o.;<\/div>\n<div>\u2022 realizacji innych prawnie uzasadnionych interes\u00f3w\u00a0AS Nieruchomo\u015bci i finanse\u00a0Sp. z o.o., za kt\u00f3re\u00a0AS Nieruchomo\u015bci i finanse\u00a0Sp. z o.o. uznaje w szczeg\u00f3lno\u015bci mo\u017cliwo\u015b\u0107 dochodzenia i obrony roszcze\u0144, zapobieganie oszustwom i przest\u0119pstwom gospodarczym czy zapewnienie bezpiecze\u0144stwa \u015brodowiska teleinformatycznego.<\/div>\n<div><\/div>\n<div>Ponadto informujemy, \u017ce administrator portalu Facebook jako dostawca narz\u0119dzi zwi\u0105zanych z fanpage oraz komunikatora Messenger, jest podmiotem wsp\u00f3\u0142odpowiedzialnym za przetwarzanie danych os\u00f3b korzystaj\u0105cych z fanpage lub komunikatora Messenger, kt\u00f3ry mo\u017ce przetwarza\u0107 ich dane we w\u0142asnych celach oparciu o inne podstawy prawne.W szczeg\u00f3lno\u015bci Facebook w oparciu o w\u0142asne postanowienia i regulaminy mo\u017ce gromadzi\u0107 i przetwarza\u0107 informacje zawarte w plikach cookies os\u00f3b odwiedzaj\u0105cych fanpage.W oparciu o tak zebrane dane mog\u0105 by\u0107 przez Facebook tworzone anonimowe zestawienia i statystyki (np. dotycz\u0105ce liczby, czy profilu odwiedzaj\u0105cych fanpage), kt\u00f3re mog\u0105 by\u0107 udost\u0119pniane\u00a0AS Nieruchomo\u015bci i finanse\u00a0Sp. z o.o., jako prowadz\u0105cemu fanpage.<\/div>\n<div><\/div>\n<div><b>IV. ODBIORCY DANYCH<\/b><\/div>\n<div><\/div>\n<div>\u00a0Dla prawid\u0142owego funkcjonowania Strony oraz formularzy na niej osadzonych, Administrator korzysta z us\u0142ug podmiot\u00f3w zewn\u0119trznych (np. hostingodawca strony internetowej, dostawca oprogramowania). Dostarczenie i realizacja niekt\u00f3rych us\u0142ug mo\u017ce by\u0107 zwi\u0105zana z konieczno\u015bci\u0105 przetwarzania przez te podmioty danych osobowych U\u017cytkownik\u00f3w Strony. Administrator informuje U\u017cytkownika, ze korzysta wy\u0142\u0105cznie z us\u0142ug takich podmiot\u00f3w przetwarzaj\u0105cych, kt\u00f3rzy zapewniaj\u0105 wystarczaj\u0105ce gwarancje wdro\u017cenia odpowiednich \u015brodk\u00f3w technicznych i organizacyjnych, tak by przetwarzanie spe\u0142nia\u0142o wymogi RODO i chroni\u0142o prawa os\u00f3b, kt\u00f3rych dane dotycz\u0105. Odbiorcami danych osobowych U\u017cytkownika mog\u0105 by\u0107:<\/div>\n<div>1. Dostawcy us\u0142ug hostingowych;<\/div>\n<div>2. Dostawca us\u0142ugi poczty elektronicznej;<\/div>\n<div><\/div>\n<div><b>V. PRZEKAZYWANIE DANYCH OSOBOWYCH DO PA\u0143STW TRZECICH\u00a0<\/b><\/div>\n<div><\/div>\n<div>Administrator przekazuje dane osobowe U\u017cytkownik\u00f3w do pa\u0144stw trzecich w zwi\u0105zku z korzystaniem z us\u0142ug podmiot\u00f3w zewn\u0119trznych, kt\u00f3rzy przechowuj\u0105 powierzone im dane osobowe na serwerach zlokalizowanych poza Europejskim Obszarem Gospodarczym (EOG). Do przechowywania danych osobowych w pa\u0144stwach trzecich dochodzi podczas korzystania przez Administratora z us\u0142ug hostingodawcy H88 S.A. , Inc. oraz dostawcy us\u0142ugi pocztowej H88 S.A.<\/div>\n<\/div>\n<\/div>\n<p>[\/vc_column_text][\/vc_column][\/vc_row]<\/p>\n<\/div>","protected":false},"excerpt":{"rendered":"<p>[vc_row][vc_column][vc_column_text css=&#8221;&#8221;] Polityka prywatno\u015bci\u00a0 I. INFORMACJE PODSTAWOWE\u00a0 1. Administratorem danych osobowych zbieranych za po\u015brednictwem Strony jest: AS Nieruchomo\u015bci i finanse Sp. z.o.o. z siedzib\u0105 w Warszawie , ul. Ostr\u00f3dzka 123c\/45 , 03-278 Warszawa zwanym dalej jako \u201eAdministrator\u201d.\u00a0 2. Kontakt z Administratorem mo\u017cliwy jest pod adresem e-mail :\u00a0biuro@completedesign.pl\u00a0lub pod numerem Tel.:+48 881 211 559 3. W&hellip;<\/p>\n","protected":false},"author":1,"featured_media":0,"parent":0,"menu_order":0,"comment_status":"closed","ping_status":"closed","template":"","meta":{"footnotes":""},"class_list":["post-95201","page","type-page","status-publish","hentry","description-off"],"_links":{"self":[{"href":"https:\/\/completedesign.pl\/index.php\/wp-json\/wp\/v2\/pages\/95201","targetHints":{"allow":["GET"]}}],"collection":[{"href":"https:\/\/completedesign.pl\/index.php\/wp-json\/wp\/v2\/pages"}],"about":[{"href":"https:\/\/completedesign.pl\/index.php\/wp-json\/wp\/v2\/types\/page"}],"author":[{"embeddable":true,"href":"https:\/\/completedesign.pl\/index.php\/wp-json\/wp\/v2\/users\/1"}],"replies":[{"embeddable":true,"href":"https:\/\/completedesign.pl\/index.php\/wp-json\/wp\/v2\/comments?post=95201"}],"version-history":[{"count":4,"href":"https:\/\/completedesign.pl\/index.php\/wp-json\/wp\/v2\/pages\/95201\/revisions"}],"predecessor-version":[{"id":95211,"href":"https:\/\/completedesign.pl\/index.php\/wp-json\/wp\/v2\/pages\/95201\/revisions\/95211"}],"wp:attachment":[{"href":"https:\/\/completedesign.pl\/index.php\/wp-json\/wp\/v2\/media?parent=95201"}],"curies":[{"name":"wp","href":"https:\/\/api.w.org\/{rel}","templated":true}]}}