{"id":95205,"date":"2026-01-17T12:05:08","date_gmt":"2026-01-17T12:05:08","guid":{"rendered":"https:\/\/completedesign.pl\/?page_id=95205"},"modified":"2026-03-03T11:20:51","modified_gmt":"2026-03-03T11:20:51","slug":"polityka-cookies","status":"publish","type":"page","link":"https:\/\/completedesign.pl\/index.php\/polityka-cookies\/","title":{"rendered":"polityka cookies"},"content":{"rendered":"<div class=\"wpb-content-wrapper\"><p>[vc_row][vc_column][vc_column_text css=&#8221;&#8221;]<\/p>\n<div class=\"whiteText\">\n<p><b>Polityka cookies\u00a0<\/b><b>AS Nieruchomo\u015bci i finanse Sp. z.o.o.<\/b><\/p>\n<div>\n<div><b>1. INFORMACJE WST\u0118PNE\u00a0<\/b><\/div>\n<div>Niniejsza Polityka informuje min. o rodzajach plik\u00f3w cookies stosowanych przez Administratora oraz o celach, w jakich pliki cookies s\u0105 wykorzystywane.Wyra\u017cenia i zwroty pisane du\u017c\u0105 liter\u0105, kt\u00f3re nie zosta\u0142y zdefiniowane w niniejszym dokumencie, odnosz\u0105 si\u0119 wyra\u017ce\u0144 i zwrot\u00f3w u\u017cytych w Polityce Prywatno\u015bci dost\u0119pnej na stronie\u00a0<a href=\"https:\/\/completedesign.pl\/index.php\/polityka-cookies\/\" target=\"_blank\" rel=\"noopener\" data-saferedirecturl=\"https:\/\/completedesign.pl\/index.php\/polityka-cookies\/&amp;source=gmail&amp;ust=1768737397821000&amp;usg=AOvVaw2lyywBKkMYD70UXTIiabdA\">https:\/\/completedesign.pl\/index.php\/polityka-cookies\/<\/a>.<\/div>\n<div><\/div>\n<div><b>2. PLIKI COOKIES\u00a0<\/b><\/div>\n<div>Administrator w ramach Serwisu stosuje mechanizmy automatycznego przechowywania danych. S\u0105 one stosowane w celu lepszego dostosowania Serwisu do potrzeb U\u017cytkownik\u00f3w. Na potrzeby niniejszej polityki mechanizmy automatycznego przechowywania danych b\u0119d\u0105 okre\u015blane mianem \u201ecookies\u201d. Serwis nie zbiera w spos\u00f3b automatyczny \u017cadnych informacji, z wyj\u0105tkiem informacji zawartych w plikach cookies.Pliki cookies (tzw. &#8220;ciasteczka&#8221;) stanowi\u0105 dane informatyczne, w szczeg\u00f3lno\u015bci pliki tekstowe, kt\u00f3re przechowywane s\u0105 w urz\u0105dzeniu ko\u0144cowym U\u017cytkownika Serwisu i przeznaczone s\u0105 do korzystania ze stron internetowych Serwisu. Cookies zazwyczaj zawieraj\u0105 nazw\u0119 strony internetowej, z kt\u00f3rej pochodz\u0105, czas przechowywania ich na urz\u0105dzeniu ko\u0144cowym oraz unikalny numer.Za pomoc\u0105 plik\u00f3w cookies Administrator uzyskuje informacje statystyczne o ruchu U\u017cytkownika, preferencjach i aktywno\u015bci U\u017cytkownika i sposobie wykorzystania Serwisu. Pozwalaj\u0105 one na dostosowanie tre\u015bci i us\u0142ug do preferencji U\u017cytkownika.Za po\u015brednictwem plik\u00f3w cookies nie s\u0105 zbierane informacje umo\u017cliwiaj\u0105ce bezpo\u015bredni\u0105 identyfikacj\u0119 U\u017cytkownika, tj. imi\u0119 i nazwisko, adres zamieszkania, adres e-mail czy numer telefonu.<\/div>\n<div><\/div>\n<div>W ramach Serwisu stosowane s\u0105 dwa zasadnicze rodzaje plik\u00f3w cookies: &#8220;sesyjne&#8221; (tzw. \u201esessioncookies\u201d) oraz &#8220;sta\u0142e&#8221; (persistentcookies). Cookies &#8220;sesyjne&#8221; s\u0105 plikami tymczasowymi, kt\u00f3re przechowywane s\u0105 w urz\u0105dzeniu ko\u0144cowym U\u017cytkownika do czasu wylogowania, opuszczenia strony internetowej lub wy\u0142\u0105czenia oprogramowania (przegl\u0105darki internetowej).<\/div>\n<div><\/div>\n<div>&#8220;Sta\u0142e&#8221; pliki cookies przechowywane s\u0105 w urz\u0105dzeniu ko\u0144cowym U\u017cytkownika przez czas okre\u015blony w parametrach plik\u00f3w cookies lub do czasu ich usuni\u0119cia przez U\u017cytkownika. Pozwalaj\u0105 na rozpoznanie urz\u0105dzenia ko\u0144cowego U\u017cytkownika w trakcie ponownego odwiedzania Serwisu &#8211; nie s\u0105 usuwane w spos\u00f3b automatyczny, zapisuj\u0105 si\u0119 na urz\u0105dzeniu ko\u0144cowym.<\/div>\n<div><\/div>\n<div>W przypadku urz\u0105dze\u0144 mobilnych analogicznie, jak w przypadku urz\u0105dze\u0144 stacjonarnych zastosowany zosta\u0142 mechanizm przyjmowania plik\u00f3w cookies, umo\u017cliwiaj\u0105cy zapami\u0119tywanie informacji zwi\u0105zanych z danym U\u017cytkownikiem.<\/div>\n<div><\/div>\n<div><b>3. CELE WYKORZYSTYWANIA PLIK\u00d3W COOKIES\u00a0<\/b><\/div>\n<div>Pliki cookies wykorzystywane s\u0105 w celu:<\/div>\n<div>\u2022 dostosowania zawarto\u015bci stron internetowych Serwisu do preferencji U\u017cytkownika oraz optymalizacji korzystania ze stron internetowych; w szczeg\u00f3lno\u015bci pliki te pozwalaj\u0105 rozpozna\u0107 urz\u0105dzenie U\u017cytkownika Serwisu i odpowiednio wy\u015bwietli\u0107 stron\u0119 internetow\u0105, dostosowan\u0105 do jego indywidualnych potrzeb;<\/div>\n<div>\u2022 tworzenia statystyk, kt\u00f3re pomagaj\u0105 zrozumie\u0107, w jaki spos\u00f3b U\u017cytkownik Serwisu korzysta ze stron internetowych, co umo\u017cliwia ulepszanie ich struktury i zawarto\u015bci;<\/div>\n<div>\u2022 prowadzenia analiz i bada\u0144 wydajno\u015bci Serwisu;<\/div>\n<div>\u2022 zapewnienie bezpiecze\u0144stwa Serwisu poprzez zapobieganie nadu\u017cyciom oraz wyciekom danych;<\/div>\n<div>\u2022 utrzymania sesji U\u017cytkownika Serwisu (po zalogowaniu), dzi\u0119ki kt\u00f3rej U\u017cytkownik nie musi na ka\u017cdej podstronie Serwisu ponownie wpisywa\u0107 loginu i has\u0142a.<\/div>\n<div>Pliki cookies zamieszczane w urz\u0105dzeniu ko\u0144cowym U\u017cytkownika wykorzystywane mog\u0105 by\u0107 r\u00f3wnie\u017c przez wsp\u00f3\u0142pracuj\u0105cych z Administratorem reklamodawc\u00f3w, partner\u00f3w oraz podmiot\u00f3w trzecich (np. Facebook, Twitter, Google itp.).<\/div>\n<div><\/div>\n<div><b>4. RODZAJE STOSOWANYCH PLIK\u00d3W COOKIES\u00a0<\/b><\/div>\n<div>W ramach Serwisu stosowane s\u0105 nast\u0119puj\u0105ce rodzaje plik\u00f3w cookies:<\/div>\n<div>\u2022 &#8220;niezb\u0119dne&#8221; pliki cookies, umo\u017cliwiaj\u0105ce korzystanie z us\u0142ug dost\u0119pnych w ramach Serwisu, np. uwierzytelniaj\u0105ce pliki cookies wykorzystywane do us\u0142ug wymagaj\u0105cych uwierzytelniania w ramach Serwisu;<\/div>\n<div>\u2022 pliki cookies s\u0142u\u017c\u0105ce do zapewnienia bezpiecze\u0144stwa, np. wykorzystywane do wykrywania nadu\u017cy\u0107 w zakresie uwierzytelniania w ramach Serwisu; \u2022 &#8220;wydajno\u015bciowe&#8221; pliki cookies, umo\u017cliwiaj\u0105ce zbieranie informacji o sposobie korzystania ze stron internetowych Serwisu;<\/div>\n<div>\u2022 &#8220;funkcjonalne&#8221; pliki cookies, umo\u017cliwiaj\u0105ce &#8220;zapami\u0119tanie&#8221; wybranych przez U\u017cytkownika ustawie\u0144 i personalizacj\u0119 interfejsu U\u017cytkownika, np. w zakresie wybranego j\u0119zyka lub regionu, z kt\u00f3rego pochodzi U\u017cytkownik, rozmiaru czcionki, wygl\u0105du strony internetowej itp.;<\/div>\n<div>\u2022 &#8220;reklamowe&#8221; pliki cookies, umo\u017cliwiaj\u0105ce dostarczanie U\u017cytkownikowi tre\u015bci reklamowych bardziej dostosowanych do jego zainteresowa\u0144.<\/div>\n<div><b>\u00a0<\/b><\/div>\n<div><b>5. UPRAWNIENIA U\u017bYTKOWNIKA<\/b><\/div>\n<div>W wielu przypadkach oprogramowanie s\u0142u\u017c\u0105ce do przegl\u0105dania stron internetowych (przegl\u0105darka internetowa) domy\u015blnie dopuszcza przechowywanie plik\u00f3w cookies w urz\u0105dzeniu ko\u0144cowym U\u017cytkownika.<\/div>\n<div><\/div>\n<div>U\u017cytkownik Serwisu mo\u017ce dokona\u0107 w ka\u017cdym czasie zmiany ustawie\u0144 dotycz\u0105cych plik\u00f3w cookies. Ustawienia te mog\u0105 zosta\u0107 zmienione w szczeg\u00f3lno\u015bci w taki spos\u00f3b, aby blokowa\u0107 automatyczn\u0105 obs\u0142ug\u0119 plik\u00f3w cookies w ustawieniach przegl\u0105darki internetowej b\u0105d\u017a informowa\u0107 o ich ka\u017cdorazowym zamieszczeniu w urz\u0105dzeniu U\u017cytkownika Serwisu. Informacje dotycz\u0105ce sposob\u00f3w zmian ustawienia cookies w najpopularniejszych przegl\u0105darkach internetowych znajduj\u0105 si\u0119 w dalszej cz\u0119\u015bci niniejszego dokumentu. Szczeg\u00f3\u0142owe informacje o mo\u017cliwo\u015bci i sposobach obs\u0142ugi plik\u00f3w cookies dost\u0119pne s\u0105 w ustawieniach oprogramowania (przegl\u0105darki internetowej) oraz w plikach pomocy dost\u0119pnych w menu przegl\u0105darki.<\/div>\n<div><\/div>\n<div>Zapisane pliki cookies mog\u0105 by\u0107 tak\u017ce przez U\u017cytkownika usuni\u0119te poprzez zastosowanie odpowiednich funkcji przegl\u0105darki internetowej, program\u00f3w s\u0142u\u017c\u0105cych w tym celu lub narz\u0119dzi dost\u0119pnych w ramach systemu operacyjnego, z kt\u00f3rego korzysta U\u017cytkownik.Niedokonanie zmian w ustawieniach u\u017cywanej przegl\u0105darki w zakresie zarz\u0105dzania pilikami cookies spowoduje, \u017ce pliki cookies b\u0119d\u0105 umieszczane w spos\u00f3b automatyczny w urz\u0105dzeniu ko\u0144cowym U\u017cytkownika. Brak dokonania przez U\u017cytkownika zmian w ustawieniach przegl\u0105darki skutkuj\u0105cych wy\u0142\u0105czeniem przyjmowania plik\u00f3w cookies i jednoczesne korzystanie z Serwis\u00f3w oznacza zgod\u0119 U\u017cytkownika na umieszczanie i odczytywanie plik\u00f3w cookies i wykorzystanie podobnych technologii przez\u00a0<b>AS Nieruchomo\u015bci i finanse Sp. z.o.o<\/b>. na zasadach opisanych w niniejszej Polityce.<\/div>\n<div><\/div>\n<div>Ze wzgl\u0119du na r\u00f3\u017cnorodno\u015b\u0107 dost\u0119pnych przegl\u0105darek i aplikacji s\u0142u\u017c\u0105cych do obs\u0142ugi serwis\u00f3w internetowych zarz\u0105dzanie plikami cookies w r\u00f3\u017cnych przegl\u0105darkach wygl\u0105da inaczej, dlatego przed rozpocz\u0119ciem korzystania z Serwisu zalecamy zapoznanie si\u0119 ze sposobem zarz\u0105dzania funkcjami prywatno\u015bci\/ bezpiecze\u0144stwa.<\/div>\n<div><\/div>\n<div>Administrator informuje, \u017ce ograniczenia stosowania plik\u00f3w cookies mog\u0105 wp\u0142yn\u0105\u0107 na niekt\u00f3re funkcjonalno\u015bci dost\u0119pne na stronach internetowych Serwisu.<\/div>\n<div><\/div>\n<div>Wi\u0119cej informacji o plikach cookies znale\u017a\u0107 mo\u017cna na stronie <a href=\"http:\/\/www.wszystkoociasteczkach.pl\" target=\"_blank\" rel=\"noopener\" data-saferedirecturl=\"https:\/\/www.google.com\/url?q=http:\/\/www.wszystkoociasteczkach.pl&amp;source=gmail&amp;ust=1768737397821000&amp;usg=AOvVaw2l9wW05OiAmyUzZlyknnBt\">www.wszystkoociasteczkach.pl<\/a><\/div>\n<div><\/div>\n<div><b>6. APLIKACJE MOBILNE A PLIKI COOKIES\u00a0<\/b><\/div>\n<div><\/div>\n<div>Podobnie, jak w przypadku witryny internetowej, U\u017cytkownik aplikacji mobilnej jest informowany o wykorzystywaniu plik\u00f3w dzia\u0142aj\u0105cych podobnie do cookies w przegl\u0105darce internetowej.<\/div>\n<div><\/div>\n<div>Pliki takie maj\u0105 za zadanie m. in. zapisywanie informacji o preferencjach U\u017cytkownika, jak r\u00f3wnie\u017c ustawie\u0144 aplikacji. Komunikat informuj\u0105cy o wykorzystywaniu takich plik\u00f3w widnieje na stronach, z kt\u00f3rych mo\u017cna legalnie aplikacje pobra\u0107, tj. w sklepach producent\u00f3w mobilnych system\u00f3w operacyjnych.<\/div>\n<div><\/div>\n<div>Instalacja i u\u017cytkowanie aplikacji mobilnych pobranych z jakiegokolwiek \u017ar\u00f3d\u0142a jest traktowana jako wyra\u017cenie zgody na zapisywanie na urz\u0105dzeniu ko\u0144cowym U\u017cytkownika plik\u00f3w dzia\u0142aj\u0105cych podobnie do plik\u00f3w cookies.<\/div>\n<div><\/div>\n<div>W przypadku braku zgody na ww. nale\u017cy zaprzesta\u0107 u\u017cytkowania aplikacji oraz usun\u0105\u0107 j\u0105 z urz\u0105dzenia ko\u0144cowego.<\/div>\n<div><\/div>\n<div><b>7. ZARZ\u0104DZANIE PLIKAMI COOKIES PRZEZ U\u017bYTKOWNIKA\u00a0<\/b><\/div>\n<div><\/div>\n<div>Usuwanie, wy\u0142\u0105czanie przechowywania, przywracanie przechowywania plik\u00f3w cookies. Spos\u00f3b zmiany ustawie\u0144 plik\u00f3w cookies mo\u017ce r\u00f3\u017cni\u0107 si\u0119 w zale\u017cno\u015bci od przegl\u0105darki internetowej, z kt\u00f3rej korzysta u\u017cytkownik. Informacje na temat plik\u00f3w cookies znajduj\u0105 si\u0119 w zak\u0142adce &#8220;Pomoc&#8221; w ka\u017cdej przegl\u0105darce internetowej.<\/div>\n<div><\/div>\n<div><b>Pliki cookies w przegl\u0105darkach internetowych<\/b><\/div>\n<div><\/div>\n<div>W opcjach przegl\u0105darki nale\u017cy wybra\u0107 opcj\u0119 odpowiadaj\u0105c\u0105 za ustawienia prywatno\u015bci: Google Chrome Domy\u015blne ustawienia przegl\u0105darki<\/div>\n<div><b>Google Chrome<\/b><\/div>\n<div>zezwalaj\u0105 na przechowywanie cookies. Aby zmieni\u0107 ustawienia nale\u017cy:<\/div>\n<div>1. klikn\u0105\u0107 w menu &#8220;Ustawienia Google Chrome&#8221; i wybra\u0107 opcj\u0119 &#8220;Ustawienia&#8221;;<\/div>\n<div>2. klikn\u0105\u0107 w &#8220;Poka\u017c ustawienia zaawansowane&#8221; na dole strony;<\/div>\n<div>3. wybra\u0107 opcj\u0119 &#8220;Ustawienia tre\u015bci&#8221; w opcjach &#8220;Prywatno\u015b\u0107&#8221;;<\/div>\n<div>4. wybra\u0107 \u017c\u0105dane ustawienia;<\/div>\n<div>5. aby wprowadzi\u0107 specjalne ustawienia dla danego serwisu nale\u017cy klikn\u0105\u0107 w &#8220;Zarz\u0105dzaj wyj\u0105tkami&#8221; i wybra\u0107 w\u0142asne ustawienia dla witryn;<\/div>\n<div>6. aby zatwierdzi\u0107 zmiany nale\u017cy klikn\u0105\u0107 w przycisk &#8220;Gotowe&#8221;.<\/div>\n<div><b>Microsoft Internet Explorer<\/b><\/div>\n<div>Domy\u015blne ustawienia przegl\u0105darki Microsoft Internet Explorer zezwalaj\u0105 na przechowywanie plik\u00f3w cookies, ale blokuj\u0105 pliki, kt\u00f3re mog\u0105 pochodzi\u0107 z serwis\u00f3w niestosuj\u0105cych polityki prywatno\u015bci. Aby zmieni\u0107 ustawienia nale\u017cy:<\/div>\n<div>1. klikn\u0105\u0107 w menu &#8220;Narz\u0119dzia&#8221; i wybra\u0107 &#8220;Opcje Internetowe&#8221;;<\/div>\n<div>2. wybra\u0107 zak\u0142adk\u0119 &#8220;Prywatno\u015b\u0107&#8221;;<\/div>\n<div>3. za pomoc\u0105 suwaka okre\u015bli\u0107 \u017c\u0105dany poziom ustawie\u0144 (najwy\u017cszy blokuje cookies ca\u0142kowicie, najni\u017cszy zezwala na przechowywanie wszystkich cookies); LUB:<\/div>\n<div>1. klikn\u0105\u0107 przycisk &#8220;Zaawansowane&#8221; i samodzielnie wybra\u0107 \u017c\u0105dane ustawienia;<\/div>\n<div>2. aby wprowadzi\u0107 specjalne ustawienia dla danego serwisu nale\u017cy klikn\u0105\u0107 w &#8220;Witryny&#8221; i wybra\u0107 w\u0142asne ustawienia dla witryn;<\/div>\n<div>3. zatwierdzi\u0107 zmiany za pomoc\u0105 przycisku &#8220;OK&#8221;.<\/div>\n<div><b>Mozilla Firefox<\/b><\/div>\n<div>Domy\u015blne ustawienia przegl\u0105darki Mozilla Firefox zezwalaj\u0105 na przechowywanie plik\u00f3w cookies. Aby zmieni\u0107 ustawienia nale\u017cy:<\/div>\n<div>1. klikn\u0105\u0107 w menu &#8220;Narz\u0119dzia&#8221; (w innych wersjach: klikn\u0105\u0107 przycisk &#8220;Firefox&#8221;) i wybra\u0107 &#8220;Opcje&#8221;;<\/div>\n<div>2. nast\u0119pnie wybra\u0107 zak\u0142adk\u0119 &#8220;Prywatno\u015b\u0107&#8221; i zaznaczy\u0107 \u017c\u0105dane ustawienia;<\/div>\n<div>3. aby wprowadzi\u0107 specjalne ustawienia dla danego serwisu nale\u017cy klikn\u0105\u0107 w &#8220;Wyj\u0105tki&#8221; i wybra\u0107 w\u0142asne ustawienia dla witryn;<\/div>\n<div>4. zatwierdzi\u0107 zmiany za pomoc\u0105 przycisku &#8220;OK&#8221;.<\/div>\n<div><b>Opera<\/b><\/div>\n<div>Domy\u015blne ustawienia przegl\u0105darki Opera zezwalaj\u0105 na przechowywanie plik\u00f3w cookies. Aby zmieni\u0107 ustawienia nale\u017cy:<\/div>\n<div>1. klikn\u0105\u0107 w &#8220;Preferencje&#8221;, wybra\u0107 opcj\u0119 &#8220;Zaawansowane&#8221;, a nast\u0119pnie &#8220;Ciasteczka&#8221;;<\/div>\n<div>2. zaznaczy\u0107 \u017c\u0105dane ustawienia;<\/div>\n<div>3. aby wprowadzi\u0107 specjalne ustawienia dla danego serwisu nale\u017cy wej\u015b\u0107 na wybran\u0105 stron\u0119 internetow\u0105, klikn\u0105\u0107 na niej prawym przyciskiem myszy, wybra\u0107 polecenie &#8220;Preferencje dla witryn&#8221; i przej\u015b\u0107 do karty &#8220;Ciasteczka&#8221; a nast\u0119pnie wprowadzi\u0107 po\u017c\u0105dane ustawienia;<\/div>\n<div>4. zatwierdzi\u0107 zmiany za pomoc\u0105 przycisku &#8220;OK&#8221;.<\/div>\n<div><b>Safari<\/b><\/div>\n<div>Domy\u015blne ustawienia przegl\u0105darki Safari zezwalaj\u0105 na przechowywanie plik\u00f3w cookies. Aby zmieni\u0107 ustawienia nale\u017cy:<\/div>\n<div>1. w menu &#8220;Safari&#8221; wybra\u0107 opcj\u0119 &#8220;Preferencje&#8221;;<\/div>\n<div>2. klikn\u0105\u0107 ikon\u0119 &#8220;Prywatno\u015b\u0107&#8221;;<\/div>\n<div>3. zaznaczy\u0107 \u017c\u0105dane ustawienia;<\/div>\n<div>4. aby wprowadzi\u0107 specjalne ustawienia dla danego serwisu nale\u017cy klikn\u0105\u0107 w &#8220;Szczeg\u00f3\u0142y&#8221; i wybra\u0107 w\u0142asne ustawienia dla witryn.<\/div>\n<div><\/div>\n<div>W ramach system\u00f3w mobilnych dost\u0119pnych jest wiele r\u00f3\u017cnych przegl\u0105darek internetowych. Szczeg\u00f3\u0142owe informacje na temat ustawie\u0144 dotycz\u0105cych plik\u00f3w cookies mo\u017cna uzyska\u0107 w ustawieniach w menu u\u017cywanej przegl\u0105darki.<\/div>\n<\/div>\n<\/div>\n<p>[\/vc_column_text][\/vc_column][\/vc_row]<\/p>\n<\/div>","protected":false},"excerpt":{"rendered":"<p>[vc_row][vc_column][vc_column_text css=&#8221;&#8221;] Polityka cookies\u00a0AS Nieruchomo\u015bci i finanse Sp. z.o.o. 1. INFORMACJE WST\u0118PNE\u00a0 Niniejsza Polityka informuje min. o rodzajach plik\u00f3w cookies stosowanych przez Administratora oraz o celach, w jakich pliki cookies s\u0105 wykorzystywane.Wyra\u017cenia i zwroty pisane du\u017c\u0105 liter\u0105, kt\u00f3re nie zosta\u0142y zdefiniowane w niniejszym dokumencie, odnosz\u0105 si\u0119 wyra\u017ce\u0144 i zwrot\u00f3w u\u017cytych w Polityce Prywatno\u015bci dost\u0119pnej na&hellip;<\/p>\n","protected":false},"author":1,"featured_media":0,"parent":0,"menu_order":0,"comment_status":"closed","ping_status":"closed","template":"","meta":{"footnotes":""},"class_list":["post-95205","page","type-page","status-publish","hentry","description-off"],"_links":{"self":[{"href":"https:\/\/completedesign.pl\/index.php\/wp-json\/wp\/v2\/pages\/95205","targetHints":{"allow":["GET"]}}],"collection":[{"href":"https:\/\/completedesign.pl\/index.php\/wp-json\/wp\/v2\/pages"}],"about":[{"href":"https:\/\/completedesign.pl\/index.php\/wp-json\/wp\/v2\/types\/page"}],"author":[{"embeddable":true,"href":"https:\/\/completedesign.pl\/index.php\/wp-json\/wp\/v2\/users\/1"}],"replies":[{"embeddable":true,"href":"https:\/\/completedesign.pl\/index.php\/wp-json\/wp\/v2\/comments?post=95205"}],"version-history":[{"count":6,"href":"https:\/\/completedesign.pl\/index.php\/wp-json\/wp\/v2\/pages\/95205\/revisions"}],"predecessor-version":[{"id":95212,"href":"https:\/\/completedesign.pl\/index.php\/wp-json\/wp\/v2\/pages\/95205\/revisions\/95212"}],"wp:attachment":[{"href":"https:\/\/completedesign.pl\/index.php\/wp-json\/wp\/v2\/media?parent=95205"}],"curies":[{"name":"wp","href":"https:\/\/api.w.org\/{rel}","templated":true}]}}